{"id":2738,"date":"2025-01-13T14:41:40","date_gmt":"2025-01-13T14:41:40","guid":{"rendered":"https:\/\/lettra.aufzaq.at\/qualitaetsindikatoren-fuer-digitale-tools\/"},"modified":"2025-04-14T07:33:18","modified_gmt":"2025-04-14T07:33:18","slug":"qualitaetsindikatoren-fuer-digitale-tools","status":"publish","type":"page","link":"https:\/\/lettra.aufzaq.at\/de\/qualitaetsindikatoren-fuer-digitale-tools\/","title":{"rendered":"Qualit\u00e4tsindikatoren"},"content":{"rendered":"\t\t<div data-elementor-type=\"wp-page\" data-elementor-id=\"2738\" class=\"elementor elementor-2738 elementor-2294\">\n\t\t\t\t\t\t\t<div class=\" elementor-element elementor-element-6d67bf46 e-grid e-con-boxed e-con e-parent\" data-id=\"6d67bf46\" data-element_type=\"container\" data-e-type=\"container\">\r\n\t\t\t\t\t\t\t<div class=\"e-con-inner\">\r\n\t\t\t\t\t\t<div class=\"elementor-element elementor-element-3c813a6b elementor-widget elementor-widget-text-editor\" data-id=\"3c813a6b\" data-element_type=\"widget\" data-e-type=\"widget\" data-widget_type=\"text-editor.default\">\n\t\t\t\t<div class=\"elementor-widget-container\">\n\t\t\t\t\t\t\t\t\t<p><strong>Auf Grundlage der Erfahrungen von Kursanbieter*innen und Trainer*innen in der Jugendarbeit haben sich verschiedene Qualit\u00e4tsanforderungen f\u00fcr den Einsatz digitaler Tools herauskristallisiert. Diese Anforderungen k\u00f6nnen bei der Auswahl des richtigen Tools f\u00fcr bestimmte Zwecke oder Zielgruppen helfen. <\/strong><\/p>\t\t\t\t\t\t\t\t<\/div>\n\t\t\t\t<\/div>\n\t\t\t\t<div class=\"elementor-element elementor-element-79e8dc4e elementor-widget elementor-widget-text-editor\" data-id=\"79e8dc4e\" data-element_type=\"widget\" data-e-type=\"widget\" data-widget_type=\"text-editor.default\">\n\t\t\t\t<div class=\"elementor-widget-container\">\n\t\t\t\t\t\t\t\t\t<p>Die Qualit\u00e4tsindikatoren f\u00fcr digitale Tools lassen sich in vier Hauptbereiche unterteilen: technische Anforderungen, Support und Tutorials, Partizipation\/Inklusion und Barrierefreiheit sowie didaktische und methodische Umsetzungsm\u00f6glichkeiten.<\/p>\t\t\t\t\t\t\t\t<\/div>\n\t\t\t\t<\/div>\n\t\t\t\t\t\t<\/div>\r\n\t\t\t\t\r\n\t\t\t<\/div>\r\n\t\t\t\t\t\t<div class=\" elementor-element elementor-element-c0286e0 e-flex e-con-boxed e-con e-parent\" data-id=\"c0286e0\" data-element_type=\"container\" data-e-type=\"container\">\r\n\t\t\t\t\t\t\t<div class=\"e-con-inner\">\r\n\t\t\t\t\t\t<div class=\"elementor-element elementor-element-f7bc05c elementor-widget elementor-widget-heading\" data-id=\"f7bc05c\" data-element_type=\"widget\" data-e-type=\"widget\" data-widget_type=\"heading.default\">\n\t\t\t\t<div class=\"elementor-widget-container\">\n\t\t\t\t\t<h2 class=\"elementor-heading-title elementor-size-default\">Technische Anforderungen<\/h2>\t\t\t\t<\/div>\n\t\t\t\t<\/div>\n\t\t\t\t\t\t<\/div>\r\n\t\t\t\t\r\n\t\t\t<\/div>\r\n\t\t\t\t\t\t<div class=\" elementor-element elementor-element-651cd999 e-grid e-con-boxed e-con e-parent\" data-id=\"651cd999\" data-element_type=\"container\" data-e-type=\"container\">\r\n\t\t\t\t\t\t\t<div class=\"e-con-inner\">\r\n\t\t\t\t\t\t<div class=\"elementor-element elementor-element-91efa2e elementor-invisible elementor-widget elementor-widget-text-editor\" data-id=\"91efa2e\" data-element_type=\"widget\" data-e-type=\"widget\" data-settings=\"{&quot;_animation&quot;:&quot;slideInLeft&quot;}\" data-widget_type=\"text-editor.default\">\n\t\t\t\t<div class=\"elementor-widget-container\">\n\t\t\t\t\t\t\t\t\t<ul><li>Es ist essenziell, technische Anforderungen wie Hardware-Bedarf vorab zu kl\u00e4ren.<\/li><li data-prosemirror-content-type=\"node\" data-prosemirror-node-name=\"paragraph\" data-prosemirror-node-block=\"true\" data-pm-slice=\"1 1 [\"bulletList\",null,\"listItem\",null]\">Vorab sollte gepr\u00fcft werden, ob die Tools mit allen g\u00e4ngigen Betriebssystemen kompatibel sind.<\/li><li>Das Tools sollte Datenschutz gew\u00e4hrleisten und den Vorgaben der DSGVO (Datenschutz-Grundverordnung) entsprechen, um pers\u00f6nliche Daten der Nutzer*innen zu sch\u00fctzen.<\/li><li>Die Funktionalit\u00e4t des Tools muss zuverl\u00e4ssig sein, und es sollte sichergestellt sein, dass es langfristig verf\u00fcgbar und unterst\u00fctzt wird.<\/li><\/ul><p data-prosemirror-content-type=\"node\" data-prosemirror-node-name=\"paragraph\" data-prosemirror-node-block=\"true\" data-pm-slice=\"1 1 [\"bulletList\",null,\"listItem\",null]\"> <\/p>\t\t\t\t\t\t\t\t<\/div>\n\t\t\t\t<\/div>\n\t\t\t\t<div class=\"elementor-element elementor-element-42633914 elementor-invisible elementor-widget elementor-widget-text-editor\" data-id=\"42633914\" data-element_type=\"widget\" data-e-type=\"widget\" data-settings=\"{&quot;_animation&quot;:&quot;slideInRight&quot;}\" data-widget_type=\"text-editor.default\">\n\t\t\t\t<div class=\"elementor-widget-container\">\n\t\t\t\t\t\t\t\t\t<ul><li>Das Tool sollte eine Integration mit anderen digitalen Tools oder Funktionen erm\u00f6glichen, um die Nutzererfahrung und Funktionalit\u00e4t zu verbessern.<\/li><li>Flexible Zahlungsmodelle sind w\u00fcnschenswert. Wenn m\u00f6glich, sollte eine Einmalzahlung anstelle eines Abonnements angeboten werden. Open-Source-L\u00f6sungen sollten in Betracht gezogen werden. <\/li><\/ul>\t\t\t\t\t\t\t\t<\/div>\n\t\t\t\t<\/div>\n\t\t\t\t\t\t<\/div>\r\n\t\t\t\t\r\n\t\t\t<\/div>\r\n\t\t\t\t\t\t<div class=\" elementor-element elementor-element-a4b8460 e-flex e-con-boxed e-con e-parent\" data-id=\"a4b8460\" data-element_type=\"container\" data-e-type=\"container\">\r\n\t\t\t\t\t\t\t<div class=\"e-con-inner\">\r\n\t\t\t\t\t\t<div class=\"elementor-element elementor-element-616abe9 elementor-widget elementor-widget-heading\" data-id=\"616abe9\" data-element_type=\"widget\" data-e-type=\"widget\" data-widget_type=\"heading.default\">\n\t\t\t\t<div class=\"elementor-widget-container\">\n\t\t\t\t\t<h2 class=\"elementor-heading-title elementor-size-default\">Support und Tutorials<\/h2>\t\t\t\t<\/div>\n\t\t\t\t<\/div>\n\t\t\t\t\t\t<\/div>\r\n\t\t\t\t\r\n\t\t\t<\/div>\r\n\t\t\t\t\t\t<div class=\" elementor-element elementor-element-14a8800 e-grid e-con-boxed e-con e-parent\" data-id=\"14a8800\" data-element_type=\"container\" data-e-type=\"container\">\r\n\t\t\t\t\t\t\t<div class=\"e-con-inner\">\r\n\t\t\t\t\t\t<div class=\"elementor-element elementor-element-725ddf5 elementor-invisible elementor-widget elementor-widget-image\" data-id=\"725ddf5\" data-element_type=\"widget\" data-e-type=\"widget\" data-settings=\"{&quot;_animation&quot;:&quot;slideInLeft&quot;}\" data-widget_type=\"image.default\">\n\t\t\t\t<div class=\"elementor-widget-container\">\n\t\t\t\t\t\t\t\t\t\t\t\t\t\t\t<img fetchpriority=\"high\" decoding=\"async\" width=\"300\" height=\"252\" src=\"https:\/\/lettra.aufzaq.at\/wp-content\/uploads\/2025\/01\/frau1-300x252.png\" class=\"attachment-medium size-medium wp-image-2662\" alt=\"\" \/>\t\t\t\t\t\t\t\t\t\t\t\t\t\t\t<\/div>\n\t\t\t\t<\/div>\n\t\t\t\t<div class=\"elementor-element elementor-element-79b19b9 elementor-invisible elementor-widget elementor-widget-text-editor\" data-id=\"79b19b9\" data-element_type=\"widget\" data-e-type=\"widget\" data-settings=\"{&quot;_animation&quot;:&quot;slideInRight&quot;}\" data-widget_type=\"text-editor.default\">\n\t\t\t\t<div class=\"elementor-widget-container\">\n\t\t\t\t\t\t\t\t\t<ul><li><span class=\"fabric-background-color-mark\" data-background-custom-color=\"#d3f1a7\" data-prosemirror-content-type=\"mark\" data-prosemirror-mark-name=\"backgroundColor\">Zu Beginn einer Online-Sitzung sollte eine kurze Einf\u00fchrung zur Nutzung der Tools bereitgestellt werden. <\/span><\/li><li>Tutorials sollten verst\u00e4ndlich und kompakt gestaltet sein, um Nutzer*innen die Navigation und Anwendung des Tools zu erleichtern.<\/li><li>Technischer Support sollte verf\u00fcgbar sein, um Nutzer*innen bei auftretenden Problemen zu unterst\u00fctzen.<\/li><li data-prosemirror-content-type=\"node\" data-prosemirror-node-name=\"paragraph\" data-prosemirror-node-block=\"true\">Innerhalb der Organisation sollten die verwendeten Tools dokumentiert werden, um Transparenz f\u00fcr andere Mitarbeitende zu gew\u00e4hrleisten.<\/li><li data-prosemirror-content-type=\"node\" data-prosemirror-node-name=\"paragraph\" data-prosemirror-node-block=\"true\">Es sollte sichergestellt sein. dass das Tools \u00fcber Feedback-M\u00f6glichkeiten verf\u00fcgt.<\/li><\/ul>\t\t\t\t\t\t\t\t<\/div>\n\t\t\t\t<\/div>\n\t\t\t\t\t\t<\/div>\r\n\t\t\t\t\r\n\t\t\t<\/div>\r\n\t\t\t\t\t\t<div class=\" elementor-element elementor-element-8703048 e-flex e-con-boxed e-con e-parent\" data-id=\"8703048\" data-element_type=\"container\" data-e-type=\"container\">\r\n\t\t\t\t\t\t\t<div class=\"e-con-inner\">\r\n\t\t\t\t\t\t<div class=\"elementor-element elementor-element-37837c5 elementor-widget elementor-widget-heading\" data-id=\"37837c5\" data-element_type=\"widget\" data-e-type=\"widget\" data-widget_type=\"heading.default\">\n\t\t\t\t<div class=\"elementor-widget-container\">\n\t\t\t\t\t<h2 class=\"elementor-heading-title elementor-size-default\">Partizipation, Inklusion & Zug\u00e4nglichkeit<\/h2>\t\t\t\t<\/div>\n\t\t\t\t<\/div>\n\t\t\t\t\t\t<\/div>\r\n\t\t\t\t\r\n\t\t\t<\/div>\r\n\t\t\t\t\t\t<div class=\" elementor-element elementor-element-924ca58 e-grid e-con-boxed e-con e-parent\" data-id=\"924ca58\" data-element_type=\"container\" data-e-type=\"container\">\r\n\t\t\t\t\t\t\t<div class=\"e-con-inner\">\r\n\t\t\t\t\t\t<div class=\"elementor-element elementor-element-e4b5da3 elementor-invisible elementor-widget elementor-widget-text-editor\" data-id=\"e4b5da3\" data-element_type=\"widget\" data-e-type=\"widget\" data-settings=\"{&quot;_animation&quot;:&quot;slideInLeft&quot;}\" data-widget_type=\"text-editor.default\">\n\t\t\t\t<div class=\"elementor-widget-container\">\n\t\t\t\t\t\t\t\t\t<ul><li>Das Tool sollte \u00fcber eine benutzerfreundliche Oberfl\u00e4che verf\u00fcgen, die eine intuitive Navigation erm\u00f6glicht.<\/li><li>Es muss f\u00fcr alle Nutzer*innen zug\u00e4nglich sein \u2013 unter Ber\u00fccksichtigung von Kosten, erforderlicher Kontoerstellung, Sprachoptionen und visueller Darstellung, um verschiedene Bed\u00fcrfnisse zu erf\u00fcllen.<\/li><li data-prosemirror-content-type=\"node\" data-prosemirror-node-name=\"paragraph\" data-prosemirror-node-block=\"true\">Erkl\u00e4rungen zur Nutzung des Tools sollten f\u00fcr unterschiedliche Zielgruppen verf\u00fcgbar sein (z. B. in einfacher Sprache, mit mehrsprachigen Optionen oder in Geb\u00e4rdensprache).<\/li><li data-prosemirror-content-type=\"node\" data-prosemirror-node-name=\"paragraph\" data-prosemirror-node-block=\"true\">Der Zugang sollte auf verschiedenen Ebenen m\u00f6glichst barrierearm gestaltet sein (z. B. keine teure technische Ausstattung erforderlich, kostenlose Nutzungsm\u00f6glichkeiten etc.).<\/li><\/ul>\t\t\t\t\t\t\t\t<\/div>\n\t\t\t\t<\/div>\n\t\t\t\t<div class=\"elementor-element elementor-element-69cef5d elementor-invisible elementor-widget elementor-widget-image\" data-id=\"69cef5d\" data-element_type=\"widget\" data-e-type=\"widget\" data-settings=\"{&quot;_animation&quot;:&quot;slideInRight&quot;}\" data-widget_type=\"image.default\">\n\t\t\t\t<div class=\"elementor-widget-container\">\n\t\t\t\t\t\t\t\t\t\t\t\t\t\t\t<img decoding=\"async\" width=\"300\" height=\"254\" src=\"https:\/\/lettra.aufzaq.at\/wp-content\/uploads\/2025\/01\/frau2-300x254.png\" class=\"attachment-medium size-medium wp-image-2663\" alt=\"\" \/>\t\t\t\t\t\t\t\t\t\t\t\t\t\t\t<\/div>\n\t\t\t\t<\/div>\n\t\t\t\t\t\t<\/div>\r\n\t\t\t\t\r\n\t\t\t<\/div>\r\n\t\t\t\t\t\t<div class=\" elementor-element elementor-element-791ca05 e-flex e-con-boxed e-con e-parent\" data-id=\"791ca05\" data-element_type=\"container\" data-e-type=\"container\">\r\n\t\t\t\t\t\t\t<div class=\"e-con-inner\">\r\n\t\t\t\t\t\t<div class=\"elementor-element elementor-element-13d95b7 elementor-widget elementor-widget-heading\" data-id=\"13d95b7\" data-element_type=\"widget\" data-e-type=\"widget\" data-widget_type=\"heading.default\">\n\t\t\t\t<div class=\"elementor-widget-container\">\n\t\t\t\t\t<h2 class=\"elementor-heading-title elementor-size-default\">Didaktische & methodische Anforderungen<\/h2>\t\t\t\t<\/div>\n\t\t\t\t<\/div>\n\t\t\t\t\t\t<\/div>\r\n\t\t\t\t\r\n\t\t\t<\/div>\r\n\t\t\t\t\t\t<div class=\" elementor-element elementor-element-485a524 e-grid e-con-boxed e-con e-parent\" data-id=\"485a524\" data-element_type=\"container\" data-e-type=\"container\">\r\n\t\t\t\t\t\t\t<div class=\"e-con-inner\">\r\n\t\t\t\t\t\t<div class=\"elementor-element elementor-element-7fe9918 elementor-invisible elementor-widget elementor-widget-text-editor\" data-id=\"7fe9918\" data-element_type=\"widget\" data-e-type=\"widget\" data-settings=\"{&quot;_animation&quot;:&quot;slideInLeft&quot;}\" data-widget_type=\"text-editor.default\">\n\t\t\t\t<div class=\"elementor-widget-container\">\n\t\t\t\t\t\t\t\t\t<ul><li data-prosemirror-content-type=\"node\" data-prosemirror-node-name=\"paragraph\" data-prosemirror-node-block=\"true\">Vielf\u00e4ltige, ansprechende und abwechslungsreiche Methoden sollten genutzt werden, um das Lernen zu f\u00f6rdern.<\/li><li data-prosemirror-content-type=\"node\" data-prosemirror-node-name=\"paragraph\" data-prosemirror-node-block=\"true\">Verschiedene Lernbed\u00fcrfnisse sollten durch den Einsatz unterschiedlicher Tools adressiert werden.<\/li><li>Das Tool sollte auf bew\u00e4hrten Methoden basieren, um Effektivit\u00e4t und Zuverl\u00e4ssigkeit sicherzustellen.<\/li><li>Es sollte Funktionen bieten, die sich f\u00fcr spezifische Kontexte wie Jugendarbeit, soziales Engagement oder Projektmanagement eignen.<\/li><\/ul>\t\t\t\t\t\t\t\t<\/div>\n\t\t\t\t<\/div>\n\t\t\t\t<div class=\"elementor-element elementor-element-8f815d7 elementor-invisible elementor-widget elementor-widget-text-editor\" data-id=\"8f815d7\" data-element_type=\"widget\" data-e-type=\"widget\" data-settings=\"{&quot;_animation&quot;:&quot;slideInRight&quot;}\" data-widget_type=\"text-editor.default\">\n\t\t\t\t<div class=\"elementor-widget-container\">\n\t\t\t\t\t\t\t\t\t<ul><li>Ziel des Tools sollte es sein, Bildungsergebnisse zu verbessern, indem es Wissenszuwachs, ein vertieftes Verst\u00e4ndnis und individuelle Reflexion erm\u00f6glicht.<\/li><li>Das Tools sollte die Zusammenarbeit und Kommunikation zwischen den Nutzer*innen erleichtern und eine gemeinschaftsorientierte Lernumgebung schaffen helfen.<\/li><\/ul>\t\t\t\t\t\t\t\t<\/div>\n\t\t\t\t<\/div>\n\t\t\t\t\t\t<\/div>\r\n\t\t\t\t\r\n\t\t\t<\/div>\r\n\t\t\t\t\t\t<div class=\" elementor-element elementor-element-bfb614f e-flex e-con-boxed elementor-invisible e-con e-parent\" data-id=\"bfb614f\" data-element_type=\"container\" data-e-type=\"container\" data-settings=\"{&quot;background_background&quot;:&quot;classic&quot;,&quot;animation&quot;:&quot;fadeIn&quot;}\">\r\n\t\t\t\t\t\t\t<div class=\"e-con-inner\">\r\n\t\t\t\t\t\t\t<div class=\" elementor-element elementor-element-7c48f0df e-con-full e-flex e-con e-child\" data-id=\"7c48f0df\" data-element_type=\"container\" data-e-type=\"container\" data-settings=\"{&quot;background_background&quot;:&quot;classic&quot;}\">\r\n\t\t\t\t\t<div class=\"elementor-element elementor-element-73dc9a85 elementor-widget elementor-widget-image\" data-id=\"73dc9a85\" data-element_type=\"widget\" data-e-type=\"widget\" data-widget_type=\"image.default\">\n\t\t\t\t<div class=\"elementor-widget-container\">\n\t\t\t\t\t\t\t\t\t\t\t\t\t\t\t<img decoding=\"async\" width=\"800\" height=\"138\" src=\"https:\/\/lettra.aufzaq.at\/wp-content\/uploads\/2025\/01\/quote1.png\" class=\"attachment-full size-full wp-image-2655\" alt=\"\" srcset=\"https:\/\/lettra.aufzaq.at\/wp-content\/uploads\/2025\/01\/quote1.png 800w, https:\/\/lettra.aufzaq.at\/wp-content\/uploads\/2025\/01\/quote1-768x132.png 768w\" sizes=\"(max-width: 800px) 100vw, 800px\" \/>\t\t\t\t\t\t\t\t\t\t\t\t\t\t\t<\/div>\n\t\t\t\t<\/div>\n\t\t\t\t<div class=\"elementor-element elementor-element-22df5670 elementor-widget__width-initial elementor-widget elementor-widget-testimonial\" data-id=\"22df5670\" data-element_type=\"widget\" data-e-type=\"widget\" data-widget_type=\"testimonial.default\">\n\t\t\t\t<div class=\"elementor-widget-container\">\n\t\t\t\t\t\t\t<div class=\"elementor-testimonial-wrapper\">\n\t\t\t\t\t\t\t<div class=\"elementor-testimonial-content\">\"Die wichtigsten Kriterien waren nat\u00fcrlich die notwendige Flexibilit\u00e4t. Zug\u00e4nglichkeit ist f\u00fcr uns von zentraler Bedeutung \u2013 das Tool muss schnell und intuitiv nutzbar sein. Alles, was eine Anmeldung erfordert, kommt f\u00fcr uns nicht infrage, au\u00dfer es handelt sich um Schulungen mit einer festen Gruppe.\"   <\/div>\n\t\t\t\n\t\t\t\t\t\t<div class=\"elementor-testimonial-meta\">\n\t\t\t\t<div class=\"elementor-testimonial-meta-inner\">\n\t\t\t\t\t\n\t\t\t\t\t\t\t\t\t\t<div class=\"elementor-testimonial-details\">\n\t\t\t\t\t\t\t\t\t\t\t\t\t\t<div class=\"elementor-testimonial-name\">Trainer<\/div>\n\t\t\t\t\t\t\t\t\t\t\t\t\t\t\t\t\t\t\t\t\t\t<div class=\"elementor-testimonial-job\">wienXtra<\/div>\n\t\t\t\t\t\t\t\t\t\t\t\t\t<\/div>\n\t\t\t\t\t\t\t\t\t<\/div>\n\t\t\t<\/div>\n\t\t\t\t\t<\/div>\n\t\t\t\t\t\t<\/div>\n\t\t\t\t<\/div>\n\t\t\t\t<div class=\"elementor-element elementor-element-35cf7618 elementor-widget elementor-widget-image\" data-id=\"35cf7618\" data-element_type=\"widget\" data-e-type=\"widget\" data-widget_type=\"image.default\">\n\t\t\t\t<div class=\"elementor-widget-container\">\n\t\t\t\t\t\t\t\t\t\t\t\t\t\t\t<img loading=\"lazy\" decoding=\"async\" width=\"800\" height=\"127\" src=\"https:\/\/lettra.aufzaq.at\/wp-content\/uploads\/2025\/01\/quote2.png\" class=\"attachment-full size-full wp-image-2654\" alt=\"\" srcset=\"https:\/\/lettra.aufzaq.at\/wp-content\/uploads\/2025\/01\/quote2.png 800w, https:\/\/lettra.aufzaq.at\/wp-content\/uploads\/2025\/01\/quote2-768x122.png 768w\" sizes=\"(max-width: 800px) 100vw, 800px\" \/>\t\t\t\t\t\t\t\t\t\t\t\t\t\t\t<\/div>\n\t\t\t\t<\/div>\n\t\t\r\n\t\t\t<\/div>\r\n\t\t\t\t\t\t\t<\/div>\r\n\t\t\t\t\r\n\t\t\t<\/div>\r\n\t\t\t\t\t<\/div>\n\t\t","protected":false},"excerpt":{"rendered":"<p>Auf Grundlage der Erfahrungen von Kursanbieter*innen und Trainer*innen in der Jugendarbeit haben sich verschiedene Qualit\u00e4tsanforderungen f\u00fcr den Einsatz digitaler Tools herauskristallisiert. Diese Anforderungen k\u00f6nnen bei der Auswahl des richtigen Tools f\u00fcr bestimmte Zwecke oder Zielgruppen helfen. Die Qualit\u00e4tsindikatoren f\u00fcr digitale Tools lassen sich in vier Hauptbereiche unterteilen: technische Anforderungen, Support und Tutorials, Partizipation\/Inklusion und Barrierefreiheit [&hellip;]<\/p>\n","protected":false},"author":2,"featured_media":0,"parent":0,"menu_order":0,"comment_status":"closed","ping_status":"closed","template":"","meta":{"footnotes":""},"class_list":["post-2738","page","type-page","status-publish","hentry"],"_links":{"self":[{"href":"https:\/\/lettra.aufzaq.at\/de\/wp-json\/wp\/v2\/pages\/2738","targetHints":{"allow":["GET"]}}],"collection":[{"href":"https:\/\/lettra.aufzaq.at\/de\/wp-json\/wp\/v2\/pages"}],"about":[{"href":"https:\/\/lettra.aufzaq.at\/de\/wp-json\/wp\/v2\/types\/page"}],"author":[{"embeddable":true,"href":"https:\/\/lettra.aufzaq.at\/de\/wp-json\/wp\/v2\/users\/2"}],"replies":[{"embeddable":true,"href":"https:\/\/lettra.aufzaq.at\/de\/wp-json\/wp\/v2\/comments?post=2738"}],"version-history":[{"count":2,"href":"https:\/\/lettra.aufzaq.at\/de\/wp-json\/wp\/v2\/pages\/2738\/revisions"}],"predecessor-version":[{"id":2741,"href":"https:\/\/lettra.aufzaq.at\/de\/wp-json\/wp\/v2\/pages\/2738\/revisions\/2741"}],"wp:attachment":[{"href":"https:\/\/lettra.aufzaq.at\/de\/wp-json\/wp\/v2\/media?parent=2738"}],"curies":[{"name":"wp","href":"https:\/\/api.w.org\/{rel}","templated":true}]}}