{"id":2716,"date":"2025-01-13T14:25:19","date_gmt":"2025-01-13T14:25:19","guid":{"rendered":"https:\/\/lettra.aufzaq.at\/bewaehrte-verfahren-und-herausforderungen\/"},"modified":"2025-04-14T07:33:09","modified_gmt":"2025-04-14T07:33:09","slug":"bewaehrte-verfahren-und-herausforderungen","status":"publish","type":"page","link":"https:\/\/lettra.aufzaq.at\/de\/bewaehrte-verfahren-und-herausforderungen\/","title":{"rendered":"Praxiserfahrungen"},"content":{"rendered":"\t\t<div data-elementor-type=\"wp-page\" data-elementor-id=\"2716\" class=\"elementor elementor-2716 elementor-2286\">\n\t\t\t\t\t\t\t<div class=\" elementor-element elementor-element-7582aece e-flex e-con-boxed elementor-invisible e-con e-parent\" data-id=\"7582aece\" data-element_type=\"container\" data-e-type=\"container\" data-settings=\"{&quot;background_background&quot;:&quot;classic&quot;,&quot;animation&quot;:&quot;fadeIn&quot;}\">\r\n\t\t\t\t\t\t\t<div class=\"e-con-inner\">\r\n\t\t\t\t\t\t\t<div class=\" elementor-element elementor-element-2671c50d e-con-full e-flex e-con e-child\" data-id=\"2671c50d\" data-element_type=\"container\" data-e-type=\"container\" data-settings=\"{&quot;background_background&quot;:&quot;classic&quot;}\">\r\n\t\t\t\t\t<div class=\"elementor-element elementor-element-75a29f63 elementor-widget elementor-widget-image\" data-id=\"75a29f63\" data-element_type=\"widget\" data-e-type=\"widget\" data-widget_type=\"image.default\">\n\t\t\t\t<div class=\"elementor-widget-container\">\n\t\t\t\t\t\t\t\t\t\t\t\t\t\t\t<img fetchpriority=\"high\" decoding=\"async\" width=\"800\" height=\"138\" src=\"https:\/\/lettra.aufzaq.at\/wp-content\/uploads\/2025\/01\/quote1.png\" class=\"attachment-full size-full wp-image-2655\" alt=\"\" srcset=\"https:\/\/lettra.aufzaq.at\/wp-content\/uploads\/2025\/01\/quote1.png 800w, https:\/\/lettra.aufzaq.at\/wp-content\/uploads\/2025\/01\/quote1-768x132.png 768w\" sizes=\"(max-width: 800px) 100vw, 800px\" \/>\t\t\t\t\t\t\t\t\t\t\t\t\t\t\t<\/div>\n\t\t\t\t<\/div>\n\t\t\t\t<div class=\"elementor-element elementor-element-7a99691b elementor-widget__width-initial elementor-widget elementor-widget-testimonial\" data-id=\"7a99691b\" data-element_type=\"widget\" data-e-type=\"widget\" data-widget_type=\"testimonial.default\">\n\t\t\t\t<div class=\"elementor-widget-container\">\n\t\t\t\t\t\t\t<div class=\"elementor-testimonial-wrapper\">\n\t\t\t\t\t\t\t<div class=\"elementor-testimonial-content\">\"Manche Inhalte lassen sich sogar besser vermitteln \u2013 oder wenn nicht besser, dann zumindest flexibler und einfacher (...). In gewisser Weise funktionieren auch Diskussionen sehr gut online, zum Beispiel in Breakout-Gruppen. Bestimmte Themen lassen sich online \u00e4u\u00dferst effektiv behandeln (...). Zudem ist es wichtig, dass unser Pool an Vortragenden erweitert wurde, insbesondere bei Veranstaltungen, die viele Organisationen zusammenbringen. Der Online-Zugang ist einfacher und auf vielen Ebenen auch inklusiver.\" \n<\/div>\n\t\t\t\n\t\t\t\t\t\t<div class=\"elementor-testimonial-meta\">\n\t\t\t\t<div class=\"elementor-testimonial-meta-inner\">\n\t\t\t\t\t\n\t\t\t\t\t\t\t\t\t\t<div class=\"elementor-testimonial-details\">\n\t\t\t\t\t\t\t\t\t\t\t\t\t\t<div class=\"elementor-testimonial-name\">Trainer<\/div>\n\t\t\t\t\t\t\t\t\t\t\t\t\t\t\t\t\t\t\t\t\t\t<div class=\"elementor-testimonial-job\">WienXtra<\/div>\n\t\t\t\t\t\t\t\t\t\t\t\t\t<\/div>\n\t\t\t\t\t\t\t\t\t<\/div>\n\t\t\t<\/div>\n\t\t\t\t\t<\/div>\n\t\t\t\t\t\t<\/div>\n\t\t\t\t<\/div>\n\t\t\t\t<div class=\"elementor-element elementor-element-fcf7a3f elementor-widget elementor-widget-image\" data-id=\"fcf7a3f\" data-element_type=\"widget\" data-e-type=\"widget\" data-widget_type=\"image.default\">\n\t\t\t\t<div class=\"elementor-widget-container\">\n\t\t\t\t\t\t\t\t\t\t\t\t\t\t\t<img decoding=\"async\" width=\"800\" height=\"127\" src=\"https:\/\/lettra.aufzaq.at\/wp-content\/uploads\/2025\/01\/quote2.png\" class=\"attachment-full size-full wp-image-2654\" alt=\"\" srcset=\"https:\/\/lettra.aufzaq.at\/wp-content\/uploads\/2025\/01\/quote2.png 800w, https:\/\/lettra.aufzaq.at\/wp-content\/uploads\/2025\/01\/quote2-768x122.png 768w\" sizes=\"(max-width: 800px) 100vw, 800px\" \/>\t\t\t\t\t\t\t\t\t\t\t\t\t\t\t<\/div>\n\t\t\t\t<\/div>\n\t\t\r\n\t\t\t<\/div>\r\n\t\t\t\t\t\t\t<\/div>\r\n\t\t\t\t\r\n\t\t\t<\/div>\r\n\t\t\t\t\t\t<div class=\" elementor-element elementor-element-3898ab46 e-grid e-con-boxed e-con e-parent\" data-id=\"3898ab46\" data-element_type=\"container\" data-e-type=\"container\">\r\n\t\t\t\t\t\t\t<div class=\"e-con-inner\">\r\n\t\t\t\t\t\t<div class=\"elementor-element elementor-element-4169c0d3 elementor-widget elementor-widget-text-editor\" data-id=\"4169c0d3\" data-element_type=\"widget\" data-e-type=\"widget\" data-widget_type=\"text-editor.default\">\n\t\t\t\t<div class=\"elementor-widget-container\">\n\t\t\t\t\t\t\t\t\t<p>Die Erfahrungen der letzten Jahre haben gezeigt, dass digitale Tools eine wertvolle Erg\u00e4nzung, Unterst\u00fctzung und Erweiterung f\u00fcr Bildung und Ausbildung darstellen. Die Vorteile sind vielf\u00e4ltig: erh\u00f6hte Flexibilit\u00e4t und ein erleichterter Zugang zu Lernumgebungen, eine gr\u00f6\u00dfere Vielfalt an Trainer*innen, zahlreiche didaktische Anwendungsm\u00f6glichkeiten, eine effektivere Vermittlung bestimmter Kursinhalte, gesteigerte Transparenz sowie die M\u00f6glichkeit, Lehrmaterial auf ansprechende und interaktive Weise zu pr\u00e4sentieren. <\/p><p><br>Digitale Tools werden als Chance betrachtet, um Technologie im Bildungsbereich gezielt einzusetzen, Barrieren abzubauen, zeitliche Einschr\u00e4nkungen zu \u00fcberwinden und Raum f\u00fcr autonomes Lernen zu schaffen. Bildungseinrichtungen betonen, dass der Einsatz digitaler Tools neue M\u00f6glichkeiten zur Bew\u00e4ltigung zentraler Aspekte von Bildungsveranstaltungen bietet, etwa f\u00fcr Evaluierungen, Selbstlernaufgaben oder Dokumentationen. <\/p>\t\t\t\t\t\t\t\t<\/div>\n\t\t\t\t<\/div>\n\t\t\t\t<div class=\"elementor-element elementor-element-43b0ffc elementor-widget elementor-widget-text-editor\" data-id=\"43b0ffc\" data-element_type=\"widget\" data-e-type=\"widget\" data-widget_type=\"text-editor.default\">\n\t\t\t\t<div class=\"elementor-widget-container\">\n\t\t\t\t\t\t\t\t\t<p>Gleichzeitig treten jedoch neue Herausforderungen auf. Dazu geh\u00f6ren unterschiedliche digitale Kompetenzen der Teilnehmenden, die Motivation zur Nutzung digitaler Tools bei Trainer*innen und Lernenden, die Sicherstellung von Datenschutz, die Anpassung an schnelle technologische Entwicklungen sowie der erh\u00f6hte Aufwand f\u00fcr die Einf\u00fchrung und Anwendung neuer Tools. Eine zentrale Erkenntnis ist, dass Lernprozesse auch emotionale und zwischenmenschliche Aspekte der Lernenden ber\u00fccksichtigen m\u00fcssen, was in Online-Umgebungen oft schwer umsetzbar ist. <\/p><p>Eine weitere Herausforderung betrifft die Barrierefreiheit und Inklusion \u2013 insbesondere die Sicherstellung, dass alle Teilnehmenden Zugang zur notwendigen technischen Ausstattung haben. Zudem sind viele digitale Tools nicht ausreichend inklusiv, etwa in Bezug auf Sprachoptionen, Anpassungsf\u00e4higkeit an verschiedene Lernstile oder Benutzerfreundlichkeit f\u00fcr Menschen mit begrenzten digitalen F\u00e4higkeiten.<\/p>\t\t\t\t\t\t\t\t<\/div>\n\t\t\t\t<\/div>\n\t\t\t\t\t\t<\/div>\r\n\t\t\t\t\r\n\t\t\t<\/div>\r\n\t\t\t\t\t\t<div class=\" elementor-element elementor-element-95653ff e-flex e-con-boxed e-con e-parent\" data-id=\"95653ff\" data-element_type=\"container\" data-e-type=\"container\">\r\n\t\t\t\t\t\t\t<div class=\"e-con-inner\">\r\n\t\t\t\t\t\t<div class=\"elementor-element elementor-element-dca4b4c elementor-widget elementor-widget-heading\" data-id=\"dca4b4c\" data-element_type=\"widget\" data-e-type=\"widget\" data-widget_type=\"heading.default\">\n\t\t\t\t<div class=\"elementor-widget-container\">\n\t\t\t\t\t<h2 class=\"elementor-heading-title elementor-size-default\">Einblicke von Trainern<\/h2>\t\t\t\t<\/div>\n\t\t\t\t<\/div>\n\t\t\t\t<div class=\"elementor-element elementor-element-f584017 elementor-widget elementor-widget-spacer\" data-id=\"f584017\" data-element_type=\"widget\" data-e-type=\"widget\" data-widget_type=\"spacer.default\">\n\t\t\t\t<div class=\"elementor-widget-container\">\n\t\t\t\t\t\t\t<div class=\"elementor-spacer\">\n\t\t\t<div class=\"elementor-spacer-inner\"><\/div>\n\t\t<\/div>\n\t\t\t\t\t\t<\/div>\n\t\t\t\t<\/div>\n\t\t\t\t\t\t<\/div>\r\n\t\t\t\t\r\n\t\t\t<\/div>\r\n\t\t\t\t\t\t<div class=\" elementor-element elementor-element-2e1e918 e-flex e-con-boxed e-con e-parent\" data-id=\"2e1e918\" data-element_type=\"container\" data-e-type=\"container\">\r\n\t\t\t\t\t\t\t<div class=\"e-con-inner\">\r\n\t\t\t\t\t\t\t<div class=\" elementor-element elementor-element-be05d01 e-con-full e-flex e-con e-child\" data-id=\"be05d01\" data-element_type=\"container\" data-e-type=\"container\">\r\n\t\t\t\t\t<div class=\"elementor-element elementor-element-018af64 elementor-widget elementor-widget-video\" data-id=\"018af64\" data-element_type=\"widget\" data-e-type=\"widget\" data-settings=\"{&quot;youtube_url&quot;:&quot;https:\\\/\\\/www.youtube.com\\\/shorts\\\/ffvPaHDHpto&quot;,&quot;video_type&quot;:&quot;youtube&quot;,&quot;controls&quot;:&quot;yes&quot;}\" data-widget_type=\"video.default\">\n\t\t\t\t<div class=\"elementor-widget-container\">\n\t\t\t\t\t\t\t<div class=\"elementor-wrapper elementor-open-inline\">\n\t\t\t<div class=\"elementor-video\"><\/div>\t\t<\/div>\n\t\t\t\t\t\t<\/div>\n\t\t\t\t<\/div>\n\t\t\r\n\t\t\t<\/div>\r\n\t\t\t\t\t\t<div class=\" elementor-element elementor-element-de5ea89 e-con-full e-flex e-con e-child\" data-id=\"de5ea89\" data-element_type=\"container\" data-e-type=\"container\">\r\n\t\t\t\t\t<div class=\"elementor-element elementor-element-ae03fa3 elementor-widget elementor-widget-video\" data-id=\"ae03fa3\" data-element_type=\"widget\" data-e-type=\"widget\" data-settings=\"{&quot;youtube_url&quot;:&quot;https:\\\/\\\/www.youtube.com\\\/shorts\\\/tAe_7udanfw&quot;,&quot;video_type&quot;:&quot;youtube&quot;,&quot;controls&quot;:&quot;yes&quot;}\" data-widget_type=\"video.default\">\n\t\t\t\t<div class=\"elementor-widget-container\">\n\t\t\t\t\t\t\t<div class=\"elementor-wrapper elementor-open-inline\">\n\t\t\t<div class=\"elementor-video\"><\/div>\t\t<\/div>\n\t\t\t\t\t\t<\/div>\n\t\t\t\t<\/div>\n\t\t\r\n\t\t\t<\/div>\r\n\t\t\t\t\t\t<div class=\" elementor-element elementor-element-6508100 e-con-full e-flex e-con e-child\" data-id=\"6508100\" data-element_type=\"container\" data-e-type=\"container\">\r\n\t\t\t\t\t<div class=\"elementor-element elementor-element-2caebab elementor-widget elementor-widget-video\" data-id=\"2caebab\" data-element_type=\"widget\" data-e-type=\"widget\" data-settings=\"{&quot;youtube_url&quot;:&quot;https:\\\/\\\/www.youtube.com\\\/shorts\\\/ITbYEUVHiIU&quot;,&quot;video_type&quot;:&quot;youtube&quot;,&quot;controls&quot;:&quot;yes&quot;}\" data-widget_type=\"video.default\">\n\t\t\t\t<div class=\"elementor-widget-container\">\n\t\t\t\t\t\t\t<div class=\"elementor-wrapper elementor-open-inline\">\n\t\t\t<div class=\"elementor-video\"><\/div>\t\t<\/div>\n\t\t\t\t\t\t<\/div>\n\t\t\t\t<\/div>\n\t\t\r\n\t\t\t<\/div>\r\n\t\t\t\t\t\t<div class=\" elementor-element elementor-element-7593979 e-con-full e-flex e-con e-child\" data-id=\"7593979\" data-element_type=\"container\" data-e-type=\"container\">\r\n\t\t\t\t\t<div class=\"elementor-element elementor-element-3fd921e elementor-widget elementor-widget-video\" data-id=\"3fd921e\" data-element_type=\"widget\" data-e-type=\"widget\" data-settings=\"{&quot;youtube_url&quot;:&quot;https:\\\/\\\/www.youtube.com\\\/shorts\\\/7s-AuGvvQHQ&quot;,&quot;video_type&quot;:&quot;youtube&quot;,&quot;controls&quot;:&quot;yes&quot;}\" data-widget_type=\"video.default\">\n\t\t\t\t<div class=\"elementor-widget-container\">\n\t\t\t\t\t\t\t<div class=\"elementor-wrapper elementor-open-inline\">\n\t\t\t<div class=\"elementor-video\"><\/div>\t\t<\/div>\n\t\t\t\t\t\t<\/div>\n\t\t\t\t<\/div>\n\t\t\r\n\t\t\t<\/div>\r\n\t\t\t\t\t\t\t<\/div>\r\n\t\t\t\t\r\n\t\t\t<\/div>\r\n\t\t\t\t\t\t<div class=\" elementor-element elementor-element-96a6dff e-flex e-con-boxed e-con e-parent\" data-id=\"96a6dff\" data-element_type=\"container\" data-e-type=\"container\">\r\n\t\t\t\t\t\t\t<div class=\"e-con-inner\">\r\n\t\t\t\t\t\t\t<div class=\" elementor-element elementor-element-62d8a38 e-con-full e-flex e-con e-child\" data-id=\"62d8a38\" data-element_type=\"container\" data-e-type=\"container\">\r\n\t\t\t\t\t<div class=\"elementor-element elementor-element-8c6524f elementor-widget elementor-widget-video\" data-id=\"8c6524f\" data-element_type=\"widget\" data-e-type=\"widget\" data-settings=\"{&quot;youtube_url&quot;:&quot;https:\\\/\\\/www.youtube.com\\\/shorts\\\/8-cvO1D0OL0&quot;,&quot;video_type&quot;:&quot;youtube&quot;,&quot;controls&quot;:&quot;yes&quot;}\" data-widget_type=\"video.default\">\n\t\t\t\t<div class=\"elementor-widget-container\">\n\t\t\t\t\t\t\t<div class=\"elementor-wrapper elementor-open-inline\">\n\t\t\t<div class=\"elementor-video\"><\/div>\t\t<\/div>\n\t\t\t\t\t\t<\/div>\n\t\t\t\t<\/div>\n\t\t\r\n\t\t\t<\/div>\r\n\t\t\t\t\t\t<div class=\" elementor-element elementor-element-aeae5c8 e-con-full e-flex e-con e-child\" data-id=\"aeae5c8\" data-element_type=\"container\" data-e-type=\"container\">\r\n\t\t\t\t\t<div class=\"elementor-element elementor-element-a021a30 elementor-widget elementor-widget-video\" data-id=\"a021a30\" data-element_type=\"widget\" data-e-type=\"widget\" data-settings=\"{&quot;youtube_url&quot;:&quot;https:\\\/\\\/www.youtube.com\\\/shorts\\\/e6PqaNt3kVQ&quot;,&quot;video_type&quot;:&quot;youtube&quot;,&quot;controls&quot;:&quot;yes&quot;}\" data-widget_type=\"video.default\">\n\t\t\t\t<div class=\"elementor-widget-container\">\n\t\t\t\t\t\t\t<div class=\"elementor-wrapper elementor-open-inline\">\n\t\t\t<div class=\"elementor-video\"><\/div>\t\t<\/div>\n\t\t\t\t\t\t<\/div>\n\t\t\t\t<\/div>\n\t\t\r\n\t\t\t<\/div>\r\n\t\t\t\t\t\t<div class=\" elementor-element elementor-element-529490b e-con-full e-flex e-con e-child\" data-id=\"529490b\" data-element_type=\"container\" data-e-type=\"container\">\r\n\t\t\t\t\t<div class=\"elementor-element elementor-element-c851467 elementor-widget elementor-widget-video\" data-id=\"c851467\" data-element_type=\"widget\" data-e-type=\"widget\" data-settings=\"{&quot;youtube_url&quot;:&quot;https:\\\/\\\/www.youtube.com\\\/shorts\\\/DVC7Ix8USJg&quot;,&quot;video_type&quot;:&quot;youtube&quot;,&quot;controls&quot;:&quot;yes&quot;}\" data-widget_type=\"video.default\">\n\t\t\t\t<div class=\"elementor-widget-container\">\n\t\t\t\t\t\t\t<div class=\"elementor-wrapper elementor-open-inline\">\n\t\t\t<div class=\"elementor-video\"><\/div>\t\t<\/div>\n\t\t\t\t\t\t<\/div>\n\t\t\t\t<\/div>\n\t\t\r\n\t\t\t<\/div>\r\n\t\t\t\t\t\t<div class=\" elementor-element elementor-element-fdedf0c e-con-full e-flex e-con e-child\" data-id=\"fdedf0c\" data-element_type=\"container\" data-e-type=\"container\">\r\n\t\t\t\t\t<div class=\"elementor-element elementor-element-a81ee33 elementor-widget elementor-widget-video\" data-id=\"a81ee33\" data-element_type=\"widget\" data-e-type=\"widget\" data-settings=\"{&quot;youtube_url&quot;:&quot;https:\\\/\\\/www.youtube.com\\\/shorts\\\/B_0uaXajw9g&quot;,&quot;video_type&quot;:&quot;youtube&quot;,&quot;controls&quot;:&quot;yes&quot;}\" data-widget_type=\"video.default\">\n\t\t\t\t<div class=\"elementor-widget-container\">\n\t\t\t\t\t\t\t<div class=\"elementor-wrapper elementor-open-inline\">\n\t\t\t<div class=\"elementor-video\"><\/div>\t\t<\/div>\n\t\t\t\t\t\t<\/div>\n\t\t\t\t<\/div>\n\t\t\r\n\t\t\t<\/div>\r\n\t\t\t\t\t\t\t<\/div>\r\n\t\t\t\t\r\n\t\t\t<\/div>\r\n\t\t\t\t\t\t<div class=\" elementor-element elementor-element-5e0ceaf e-flex e-con-boxed e-con e-parent\" data-id=\"5e0ceaf\" data-element_type=\"container\" data-e-type=\"container\">\r\n\t\t\t\t\t\t\t<div class=\"e-con-inner\">\r\n\t\t\t\t\t\t<div class=\"elementor-element elementor-element-d7ed826 elementor-widget elementor-widget-text-editor\" data-id=\"d7ed826\" data-element_type=\"widget\" data-e-type=\"widget\" data-widget_type=\"text-editor.default\">\n\t\t\t\t<div class=\"elementor-widget-container\">\n\t\t\t\t\t\t\t\t\t<p>* Aus Datenschutzgr\u00fcnden wurden alle Personen und Stimmen mit KI generiert. Die Aussagen sind echt, Aussehen und Namen sind es nicht. <\/p>\t\t\t\t\t\t\t\t<\/div>\n\t\t\t\t<\/div>\n\t\t\t\t\t\t<\/div>\r\n\t\t\t\t\r\n\t\t\t<\/div>\r\n\t\t\t\t\t<\/div>\n\t\t","protected":false},"excerpt":{"rendered":"<p>\u201eManche Inhalte lassen sich sogar besser vermitteln \u2013 oder wenn nicht besser, dann zumindest flexibler und einfacher (\u2026). In gewisser Weise funktionieren auch Diskussionen sehr gut online, zum Beispiel in Breakout-Gruppen. Bestimmte Themen lassen sich online \u00e4u\u00dferst effektiv behandeln (\u2026). Zudem ist es wichtig, dass unser Pool an Vortragenden erweitert wurde, insbesondere bei Veranstaltungen, die [&hellip;]<\/p>\n","protected":false},"author":2,"featured_media":0,"parent":0,"menu_order":0,"comment_status":"closed","ping_status":"closed","template":"","meta":{"footnotes":""},"class_list":["post-2716","page","type-page","status-publish","hentry"],"_links":{"self":[{"href":"https:\/\/lettra.aufzaq.at\/de\/wp-json\/wp\/v2\/pages\/2716","targetHints":{"allow":["GET"]}}],"collection":[{"href":"https:\/\/lettra.aufzaq.at\/de\/wp-json\/wp\/v2\/pages"}],"about":[{"href":"https:\/\/lettra.aufzaq.at\/de\/wp-json\/wp\/v2\/types\/page"}],"author":[{"embeddable":true,"href":"https:\/\/lettra.aufzaq.at\/de\/wp-json\/wp\/v2\/users\/2"}],"replies":[{"embeddable":true,"href":"https:\/\/lettra.aufzaq.at\/de\/wp-json\/wp\/v2\/comments?post=2716"}],"version-history":[{"count":2,"href":"https:\/\/lettra.aufzaq.at\/de\/wp-json\/wp\/v2\/pages\/2716\/revisions"}],"predecessor-version":[{"id":2740,"href":"https:\/\/lettra.aufzaq.at\/de\/wp-json\/wp\/v2\/pages\/2716\/revisions\/2740"}],"wp:attachment":[{"href":"https:\/\/lettra.aufzaq.at\/de\/wp-json\/wp\/v2\/media?parent=2716"}],"curies":[{"name":"wp","href":"https:\/\/api.w.org\/{rel}","templated":true}]}}