{"id":2696,"date":"2025-01-16T10:54:43","date_gmt":"2025-01-16T10:54:43","guid":{"rendered":"https:\/\/lettra.aufzaq.at\/verhaltenskodex\/"},"modified":"2025-04-14T07:33:53","modified_gmt":"2025-04-14T07:33:53","slug":"verhaltenskodex","status":"publish","type":"page","link":"https:\/\/lettra.aufzaq.at\/de\/verhaltenskodex\/","title":{"rendered":"Digitaler Verhaltenskodex"},"content":{"rendered":"\t\t<div data-elementor-type=\"wp-page\" data-elementor-id=\"2696\" class=\"elementor elementor-2696 elementor-2343\">\n\t\t\t\t\t\t\t<div class=\" elementor-element elementor-element-2931ebb4 e-grid e-con-boxed e-con e-parent\" data-id=\"2931ebb4\" data-element_type=\"container\" data-e-type=\"container\">\r\n\t\t\t\t\t\t\t<div class=\"e-con-inner\">\r\n\t\t\t\t\t\t<div class=\"elementor-element elementor-element-4e34d78a elementor-widget elementor-widget-text-editor\" data-id=\"4e34d78a\" data-element_type=\"widget\" data-e-type=\"widget\" data-widget_type=\"text-editor.default\">\n\t\t\t\t<div class=\"elementor-widget-container\">\n\t\t\t\t\t\t\t\t\t<p><b>Dieser Verhaltenskodex legt Grundregeln f\u00fcr die Nutzung digitaler Tools in Bildungskontexten fest, um ein respektvolles, professionelles und inklusives Umfeld zu f\u00f6rdern. Die Richtlinien gelten f\u00fcr alle Lehrkr\u00e4fte, Trainer*innen, Moderator*innen und Veranstalter*innen im Bildungsbereich. <\/b><\/p>\t\t\t\t\t\t\t\t<\/div>\n\t\t\t\t<\/div>\n\t\t\t\t<div class=\"elementor-element elementor-element-74b4eea5 elementor-widget elementor-widget-text-editor\" data-id=\"74b4eea5\" data-element_type=\"widget\" data-e-type=\"widget\" data-widget_type=\"text-editor.default\">\n\t\t\t\t<div class=\"elementor-widget-container\">\n\t\t\t\t\t\t\t\t\t<p>Die folgenden Punkte dienen als Leitlinien f\u00fcr einen Verhaltenskodex in virtuellen Lernr\u00e4umen und f\u00fcr den Einsatz digitaler Tools. Sie sollten an die spezifischen Anforderungen, Bedingungen, Inhalte, Tools und Lernumgebungen angepasst werden. <\/p>\t\t\t\t\t\t\t\t<\/div>\n\t\t\t\t<\/div>\n\t\t\t\t\t\t<\/div>\r\n\t\t\t\t\r\n\t\t\t<\/div>\r\n\t\t\t\t\t\t<div class=\" elementor-element elementor-element-8244ed7 e-flex e-con-boxed e-con e-parent\" data-id=\"8244ed7\" data-element_type=\"container\" data-e-type=\"container\">\r\n\t\t\t\t\t\t\t<div class=\"e-con-inner\">\r\n\t\t\t\t\t\t<div class=\"elementor-element elementor-element-490f4da elementor-widget elementor-widget-heading\" data-id=\"490f4da\" data-element_type=\"widget\" data-e-type=\"widget\" data-widget_type=\"heading.default\">\n\t\t\t\t<div class=\"elementor-widget-container\">\n\t\t\t\t\t<h2 class=\"elementor-heading-title elementor-size-default\">Vorbereitung und Umsetzung<\/h2>\t\t\t\t<\/div>\n\t\t\t\t<\/div>\n\t\t\t\t\t\t<\/div>\r\n\t\t\t\t\r\n\t\t\t<\/div>\r\n\t\t\t\t\t\t<div class=\" elementor-element elementor-element-5e97ae05 e-flex e-con-boxed e-con e-parent\" data-id=\"5e97ae05\" data-element_type=\"container\" data-e-type=\"container\" id=\"home\" data-settings=\"{&quot;background_background&quot;:&quot;classic&quot;}\">\r\n\t\t\t\t\t\t\t<div class=\"e-con-inner\">\r\n\t\t\t\t\t\t\t<div class=\" elementor-element elementor-element-4ca2b32 e-con-full e-flex e-con e-child\" data-id=\"4ca2b32\" data-element_type=\"container\" data-e-type=\"container\" data-settings=\"{&quot;background_background&quot;:&quot;classic&quot;}\">\r\n\t\t\t\t\t<div class=\"elementor-element elementor-element-d3a7be4 elementor-widget elementor-widget-heading\" data-id=\"d3a7be4\" data-element_type=\"widget\" data-e-type=\"widget\" data-widget_type=\"heading.default\">\n\t\t\t\t<div class=\"elementor-widget-container\">\n\t\t\t\t\t<h3 class=\"elementor-heading-title elementor-size-default\">Umsetzung eines Online-Verhaltenskodex<\/h3>\t\t\t\t<\/div>\n\t\t\t\t<\/div>\n\t\t\t\t<div class=\"elementor-element elementor-element-ba51184 elementor-widget-divider--view-line elementor-widget elementor-widget-divider\" data-id=\"ba51184\" data-element_type=\"widget\" data-e-type=\"widget\" data-widget_type=\"divider.default\">\n\t\t\t\t<div class=\"elementor-widget-container\">\n\t\t\t\t\t\t\t<div class=\"elementor-divider\">\n\t\t\t<span class=\"elementor-divider-separator\">\n\t\t\t\t\t\t<\/span>\n\t\t<\/div>\n\t\t\t\t\t\t<\/div>\n\t\t\t\t<\/div>\n\t\t\t\t<div class=\"elementor-element elementor-element-3ff19aa elementor-widget elementor-widget-text-editor\" data-id=\"3ff19aa\" data-element_type=\"widget\" data-e-type=\"widget\" data-widget_type=\"text-editor.default\">\n\t\t\t\t<div class=\"elementor-widget-container\">\n\t\t\t\t\t\t\t\t\t<ul><li>Der Verhaltenskodex sollte allen Teilnehmenden mitgeteilt und zug\u00e4nglich gemacht werden.<\/li><li>Regeln und gew\u00fcnschte Verhaltensweisen sollten idealerweise bereits bei der Anmeldung zu einer Veranstaltung kommuniziert und sp\u00e4testens zu Beginn verbindlich festgelegt werden.<\/li><li>Ein klar definiertes Verfahren zum Umgang mit Regelverst\u00f6\u00dfen sollte im Voraus festgelegt und konsequent durchgesetzt werden.<\/li><li>Falls ausreichend Zeit vorhanden ist, sollte die Zielgruppe in die Entwicklung des Verhaltenskodex einbezogen werden.<\/li><li>Falls die Zeit begrenzt ist, sollten die Regeln an die Bed\u00fcrfnisse und Hintergr\u00fcnde der Teilnehmenden angepasst werden.<\/li><li>Wenn Ressourcen verf\u00fcgbar sind, sollte eine Co-Moderation zur Beobachtung des Verhaltens und der damit verbundenen Kommunikation im digitalen Raum (z. B. in Chats) eingesetzt werden, wobei die Verantwortlichkeiten klar verteilt sein m\u00fcssen.<\/li><\/ul>\t\t\t\t\t\t\t\t<\/div>\n\t\t\t\t<\/div>\n\t\t\r\n\t\t\t<\/div>\r\n\t\t\t\t\t\t<div class=\" elementor-element elementor-element-e78ff15 e-con-full e-flex e-con e-child\" data-id=\"e78ff15\" data-element_type=\"container\" data-e-type=\"container\" data-settings=\"{&quot;background_background&quot;:&quot;classic&quot;}\">\r\n\t\t\t\t\t<div class=\"elementor-element elementor-element-3fcd450 elementor-widget elementor-widget-heading\" data-id=\"3fcd450\" data-element_type=\"widget\" data-e-type=\"widget\" data-widget_type=\"heading.default\">\n\t\t\t\t<div class=\"elementor-widget-container\">\n\t\t\t\t\t<h3 class=\"elementor-heading-title elementor-size-default\">Vorbereitung & Einf\u00fchrung f\u00fcr Trainer*innen<\/h3>\t\t\t\t<\/div>\n\t\t\t\t<\/div>\n\t\t\t\t<div class=\"elementor-element elementor-element-86c6a2b elementor-widget-divider--view-line elementor-widget elementor-widget-divider\" data-id=\"86c6a2b\" data-element_type=\"widget\" data-e-type=\"widget\" data-widget_type=\"divider.default\">\n\t\t\t\t<div class=\"elementor-widget-container\">\n\t\t\t\t\t\t\t<div class=\"elementor-divider\">\n\t\t\t<span class=\"elementor-divider-separator\">\n\t\t\t\t\t\t<\/span>\n\t\t<\/div>\n\t\t\t\t\t\t<\/div>\n\t\t\t\t<\/div>\n\t\t\t\t<div class=\"elementor-element elementor-element-29583f2 elementor-widget elementor-widget-text-editor\" data-id=\"29583f2\" data-element_type=\"widget\" data-e-type=\"widget\" data-widget_type=\"text-editor.default\">\n\t\t\t\t<div class=\"elementor-widget-container\">\n\t\t\t\t\t\t\t\t\t<ul><li>Der Ablauf und die technische Umsetzung digitaler Angebote (z. B. Kursformat, verwendete Tools und technische Anforderungen) sollten fr\u00fchzeitig an alle Teilnehmenden kommuniziert werden.<\/li><li>Es sollten ausreichend didaktisch wertvolle Materialien und Ressourcen zur Verf\u00fcgung gestellt werden, z. B. Tutorials oder Erkl\u00e4rvideos zur Nutzung digitaler Tools.<\/li><li>Kan\u00e4le f\u00fcr eine zielgruppengerechte Kommunikation zu Fragen, technischen Problemen, Herausforderungen mit digitalen Tools oder Feedback sollten bereitgestellt werden.<\/li><\/ul>\t\t\t\t\t\t\t\t<\/div>\n\t\t\t\t<\/div>\n\t\t\r\n\t\t\t<\/div>\r\n\t\t\t\t\t\t\t<\/div>\r\n\t\t\t\t\r\n\t\t\t<\/div>\r\n\t\t\t\t\t\t<div class=\" elementor-element elementor-element-6d84779 e-flex e-con-boxed e-con e-parent\" data-id=\"6d84779\" data-element_type=\"container\" data-e-type=\"container\">\r\n\t\t\t\t\t\t\t<div class=\"e-con-inner\">\r\n\t\t\t\t\t\t<div class=\"elementor-element elementor-element-4c6d733 elementor-widget elementor-widget-heading\" data-id=\"4c6d733\" data-element_type=\"widget\" data-e-type=\"widget\" data-widget_type=\"heading.default\">\n\t\t\t\t<div class=\"elementor-widget-container\">\n\t\t\t\t\t<h2 class=\"elementor-heading-title elementor-size-default\">M\u00f6gliche Verhaltensregeln<\/h2>\t\t\t\t<\/div>\n\t\t\t\t<\/div>\n\t\t\t\t\t\t<\/div>\r\n\t\t\t\t\r\n\t\t\t<\/div>\r\n\t\t\t\t\t\t<div class=\" elementor-element elementor-element-3a4a379 e-flex e-con-boxed e-con e-parent\" data-id=\"3a4a379\" data-element_type=\"container\" data-e-type=\"container\" data-settings=\"{&quot;background_background&quot;:&quot;classic&quot;}\">\r\n\t\t\t\t\t\t\t<div class=\"e-con-inner\">\r\n\t\t\t\t\t\t\t<div class=\" elementor-element elementor-element-eea1c6b e-con-full e-flex e-con e-child\" data-id=\"eea1c6b\" data-element_type=\"container\" data-e-type=\"container\" data-settings=\"{&quot;background_background&quot;:&quot;classic&quot;}\">\r\n\t\t\t\t\t<div class=\"elementor-element elementor-element-2e2d5bf elementor-widget elementor-widget-heading\" data-id=\"2e2d5bf\" data-element_type=\"widget\" data-e-type=\"widget\" data-widget_type=\"heading.default\">\n\t\t\t\t<div class=\"elementor-widget-container\">\n\t\t\t\t\t<h3 class=\"elementor-heading-title elementor-size-default\">Respektvolle Kommunikation<\/h3>\t\t\t\t<\/div>\n\t\t\t\t<\/div>\n\t\t\t\t<div class=\"elementor-element elementor-element-8708168 elementor-widget-divider--view-line elementor-widget elementor-widget-divider\" data-id=\"8708168\" data-element_type=\"widget\" data-e-type=\"widget\" data-widget_type=\"divider.default\">\n\t\t\t\t<div class=\"elementor-widget-container\">\n\t\t\t\t\t\t\t<div class=\"elementor-divider\">\n\t\t\t<span class=\"elementor-divider-separator\">\n\t\t\t\t\t\t<\/span>\n\t\t<\/div>\n\t\t\t\t\t\t<\/div>\n\t\t\t\t<\/div>\n\t\t\t\t<div class=\"elementor-element elementor-element-9516027 elementor-widget elementor-widget-text-editor\" data-id=\"9516027\" data-element_type=\"widget\" data-e-type=\"widget\" data-widget_type=\"text-editor.default\">\n\t\t\t\t<div class=\"elementor-widget-container\">\n\t\t\t\t\t\t\t\t\t<ul><li>Geben Sie <strong>respektvolles,<\/strong> <strong>konstruktives Feedback<\/strong> in digitalen R\u00e4umen mit Fokus auf Wachstum, Entwicklung und Verbesserung.<\/li><li>F\u00f6rdern Sie eine <strong>Lernkultur<\/strong>, indem es Offenheit f\u00fcr die konstruktive Kritik von anderen gibt.<\/li><\/ul>\t\t\t\t\t\t\t\t<\/div>\n\t\t\t\t<\/div>\n\t\t\r\n\t\t\t<\/div>\r\n\t\t\t\t\t\t<div class=\" elementor-element elementor-element-65b29ae e-con-full e-flex e-con e-child\" data-id=\"65b29ae\" data-element_type=\"container\" data-e-type=\"container\" data-settings=\"{&quot;background_background&quot;:&quot;classic&quot;}\">\r\n\t\t\t\t\t<div class=\"elementor-element elementor-element-f5d6180 elementor-widget elementor-widget-heading\" data-id=\"f5d6180\" data-element_type=\"widget\" data-e-type=\"widget\" data-widget_type=\"heading.default\">\n\t\t\t\t<div class=\"elementor-widget-container\">\n\t\t\t\t\t<h3 class=\"elementor-heading-title elementor-size-default\">Zusammenarbeit und Teamarbeit<\/h3>\t\t\t\t<\/div>\n\t\t\t\t<\/div>\n\t\t\t\t<div class=\"elementor-element elementor-element-c240cca elementor-widget-divider--view-line elementor-widget elementor-widget-divider\" data-id=\"c240cca\" data-element_type=\"widget\" data-e-type=\"widget\" data-widget_type=\"divider.default\">\n\t\t\t\t<div class=\"elementor-widget-container\">\n\t\t\t\t\t\t\t<div class=\"elementor-divider\">\n\t\t\t<span class=\"elementor-divider-separator\">\n\t\t\t\t\t\t<\/span>\n\t\t<\/div>\n\t\t\t\t\t\t<\/div>\n\t\t\t\t<\/div>\n\t\t\t\t<div class=\"elementor-element elementor-element-b022fd0 elementor-widget elementor-widget-text-editor\" data-id=\"b022fd0\" data-element_type=\"widget\" data-e-type=\"widget\" data-widget_type=\"text-editor.default\">\n\t\t\t\t<div class=\"elementor-widget-container\">\n\t\t\t\t\t\t\t\t\t<ul><li>Nutzen Sie Tools f\u00fcr die Zusammenarbeit (z. B. gemeinsame Dokumente, Online-Whiteboards usw.), um <strong>die Teamarbeit<\/strong> auf offene und integrative Weise <strong>zu unterst\u00fctzen<\/strong>.<\/li><li>Erkennen Sie die <strong>Rollen <\/strong><strong>aller Teilnehmenden<\/strong> an und wertsch\u00e4tzen Sie ihre Beitr\u00e4ge.<\/li><\/ul>\t\t\t\t\t\t\t\t<\/div>\n\t\t\t\t<\/div>\n\t\t\r\n\t\t\t<\/div>\r\n\t\t\t\t\t\t<div class=\" elementor-element elementor-element-36784e8 e-con-full e-flex e-con e-child\" data-id=\"36784e8\" data-element_type=\"container\" data-e-type=\"container\" data-settings=\"{&quot;background_background&quot;:&quot;classic&quot;}\">\r\n\t\t\t\t\t<div class=\"elementor-element elementor-element-f844e4f elementor-widget elementor-widget-heading\" data-id=\"f844e4f\" data-element_type=\"widget\" data-e-type=\"widget\" data-widget_type=\"heading.default\">\n\t\t\t\t<div class=\"elementor-widget-container\">\n\t\t\t\t\t<h3 class=\"elementor-heading-title elementor-size-default\">Konfliktl\u00f6sung<\/h3>\t\t\t\t<\/div>\n\t\t\t\t<\/div>\n\t\t\t\t<div class=\"elementor-element elementor-element-96e916b elementor-widget-divider--view-line elementor-widget elementor-widget-divider\" data-id=\"96e916b\" data-element_type=\"widget\" data-e-type=\"widget\" data-widget_type=\"divider.default\">\n\t\t\t\t<div class=\"elementor-widget-container\">\n\t\t\t\t\t\t\t<div class=\"elementor-divider\">\n\t\t\t<span class=\"elementor-divider-separator\">\n\t\t\t\t\t\t<\/span>\n\t\t<\/div>\n\t\t\t\t\t\t<\/div>\n\t\t\t\t<\/div>\n\t\t\t\t<div class=\"elementor-element elementor-element-9c1167e elementor-widget elementor-widget-text-editor\" data-id=\"9c1167e\" data-element_type=\"widget\" data-e-type=\"widget\" data-widget_type=\"text-editor.default\">\n\t\t\t\t<div class=\"elementor-widget-container\">\n\t\t\t\t\t\t\t\t\t<ul><li>Falls in digitalen R\u00e4umen <strong>Meinungsverschiedenheiten<\/strong> auftreten, begegnen Sie diesen ruhig und professionell mit dem Ziel einer sachlichen Kl\u00e4rung.<\/li><li>Bei ungel\u00f6sten Konflikten sollte eine <strong>neutrale Drittpartei<\/strong> hinzugezogen werden, um das Gespr\u00e4ch zu moderieren.<\/li><\/ul>\t\t\t\t\t\t\t\t<\/div>\n\t\t\t\t<\/div>\n\t\t\r\n\t\t\t<\/div>\r\n\t\t\t\t\t\t\t<\/div>\r\n\t\t\t\t\r\n\t\t\t<\/div>\r\n\t\t\t\t\t\t<div class=\" elementor-element elementor-element-d91a68b e-flex e-con-boxed e-con e-parent\" data-id=\"d91a68b\" data-element_type=\"container\" data-e-type=\"container\" data-settings=\"{&quot;background_background&quot;:&quot;classic&quot;}\">\r\n\t\t\t\t\t\t\t<div class=\"e-con-inner\">\r\n\t\t\t\t\t\t\t<div class=\" elementor-element elementor-element-7c00926 e-con-full e-flex e-con e-child\" data-id=\"7c00926\" data-element_type=\"container\" data-e-type=\"container\" data-settings=\"{&quot;background_background&quot;:&quot;classic&quot;}\">\r\n\t\t\t\t\t<div class=\"elementor-element elementor-element-9815747 elementor-widget elementor-widget-heading\" data-id=\"9815747\" data-element_type=\"widget\" data-e-type=\"widget\" data-widget_type=\"heading.default\">\n\t\t\t\t<div class=\"elementor-widget-container\">\n\t\t\t\t\t<h3 class=\"elementor-heading-title elementor-size-default\">Respektvolle Kommunikation <\/h3>\t\t\t\t<\/div>\n\t\t\t\t<\/div>\n\t\t\t\t<div class=\"elementor-element elementor-element-7354412 elementor-widget-divider--view-line elementor-widget elementor-widget-divider\" data-id=\"7354412\" data-element_type=\"widget\" data-e-type=\"widget\" data-widget_type=\"divider.default\">\n\t\t\t\t<div class=\"elementor-widget-container\">\n\t\t\t\t\t\t\t<div class=\"elementor-divider\">\n\t\t\t<span class=\"elementor-divider-separator\">\n\t\t\t\t\t\t<\/span>\n\t\t<\/div>\n\t\t\t\t\t\t<\/div>\n\t\t\t\t<\/div>\n\t\t\t\t<div class=\"elementor-element elementor-element-067dfbd elementor-widget elementor-widget-text-editor\" data-id=\"067dfbd\" data-element_type=\"widget\" data-e-type=\"widget\" data-widget_type=\"text-editor.default\">\n\t\t\t\t<div class=\"elementor-widget-container\">\n\t\t\t\t\t\t\t\t\t<ul><li>Auf allen Kan\u00e4len in denen digitale Kommunikation stattfindet (E-Mails, Chats, Diskussionsforen usw.) sollte ein<strong> respektvoller und h\u00f6flicher Umgangston<\/strong> gewahrt werden.<\/li><li><strong>Zuh\u00f6ren <\/strong>und Offenheit sind wichtig \u2013 vermeiden Sie Unterbrechungen und lassen Sie andere ausreden. <\/li><li>Die <strong>pers\u00f6nlichen <\/strong><strong>Grenzen<\/strong> anderer sollte respektiert werden.<\/li><li><strong>Achten<\/strong> Sie auf sich selbst, auf andere und auf die digitale Umgebung. <\/li><li><strong>Tolerieren Sie kein<\/strong> st\u00f6rendes oder <strong>diskriminierendes<\/strong> <strong>Verhalten<\/strong>, einschlie\u00dflich Spamming, Chat-Missbrauch, Nachahmung anderer Benutzer, Stalking, Cybermobbing usw.<\/li><li>Das Verbreiten oder Posten <strong>unangemessener Inhalte<\/strong>, einschlie\u00dflich beleidigender \u00c4u\u00dferungen, diskriminierender Kommentare oder Hassrede, ist <strong>untersagt.<\/strong><\/li><\/ul>\t\t\t\t\t\t\t\t<\/div>\n\t\t\t\t<\/div>\n\t\t\r\n\t\t\t<\/div>\r\n\t\t\t\t\t\t<div class=\" elementor-element elementor-element-c7e0060 e-con-full e-flex e-con e-child\" data-id=\"c7e0060\" data-element_type=\"container\" data-e-type=\"container\" data-settings=\"{&quot;background_background&quot;:&quot;classic&quot;}\">\r\n\t\t\t\t\t<div class=\"elementor-element elementor-element-958c3ea elementor-widget elementor-widget-heading\" data-id=\"958c3ea\" data-element_type=\"widget\" data-e-type=\"widget\" data-widget_type=\"heading.default\">\n\t\t\t\t<div class=\"elementor-widget-container\">\n\t\t\t\t\t<h3 class=\"elementor-heading-title elementor-size-default\">Inklusivit\u00e4t und Teilhabe<\/h3>\t\t\t\t<\/div>\n\t\t\t\t<\/div>\n\t\t\t\t<div class=\"elementor-element elementor-element-9a92ef9 elementor-widget-divider--view-line elementor-widget elementor-widget-divider\" data-id=\"9a92ef9\" data-element_type=\"widget\" data-e-type=\"widget\" data-widget_type=\"divider.default\">\n\t\t\t\t<div class=\"elementor-widget-container\">\n\t\t\t\t\t\t\t<div class=\"elementor-divider\">\n\t\t\t<span class=\"elementor-divider-separator\">\n\t\t\t\t\t\t<\/span>\n\t\t<\/div>\n\t\t\t\t\t\t<\/div>\n\t\t\t\t<\/div>\n\t\t\t\t<div class=\"elementor-element elementor-element-1db8302 elementor-widget elementor-widget-text-editor\" data-id=\"1db8302\" data-element_type=\"widget\" data-e-type=\"widget\" data-widget_type=\"text-editor.default\">\n\t\t\t\t<div class=\"elementor-widget-container\">\n\t\t\t\t\t\t\t\t\t<ul><li>Schaffen Sie eine offene und <strong>einladende <\/strong><strong>Umgebung<\/strong>, in der alle Stimmen geh\u00f6rt werden und sich jede*r wohlf\u00fchlen kann, aktiv beizutragen.<\/li><li>Machen Sie<strong> keine Annahmen <\/strong>\u00fcber Identit\u00e4t, Geschlecht, sexuelle Orientierung, sozio\u00f6konomischen Status, Lebenssituation oder Familienverh\u00e4ltnisse anderer.  <\/li><li>Wertsch\u00e4tzen Sie<strong> Vielfalt <\/strong>und geben Sie anderen Raum, sich auszudr\u00fccken.<br><br><\/li><li>Ber\u00fccksichtigen Sie unterschiedliche digitale Kompetenzen und bieten Sie <strong>Unterst\u00fctzung <\/strong>oder Anleitung f\u00fcr diejenigen, die sie ben\u00f6tigen.<\/li><li>Passen Sie sich den <strong>vielf\u00e4ltigen Lernbed\u00fcrfnissen und -pr\u00e4ferenzen <\/strong>der Teilnehmenden an und stellen Sie Materialien nach M\u00f6glichkeit in verschiedenen Formaten zur Verf\u00fcgung.<\/li><\/ul>\t\t\t\t\t\t\t\t<\/div>\n\t\t\t\t<\/div>\n\t\t\r\n\t\t\t<\/div>\r\n\t\t\t\t\t\t<div class=\" elementor-element elementor-element-045069d e-con-full e-flex e-con e-child\" data-id=\"045069d\" data-element_type=\"container\" data-e-type=\"container\" data-settings=\"{&quot;background_background&quot;:&quot;classic&quot;}\">\r\n\t\t\t\t\t<div class=\"elementor-element elementor-element-a754068 elementor-widget elementor-widget-heading\" data-id=\"a754068\" data-element_type=\"widget\" data-e-type=\"widget\" data-widget_type=\"heading.default\">\n\t\t\t\t<div class=\"elementor-widget-container\">\n\t\t\t\t\t<h3 class=\"elementor-heading-title elementor-size-default\">Digitale Etikette<\/h3>\t\t\t\t<\/div>\n\t\t\t\t<\/div>\n\t\t\t\t<div class=\"elementor-element elementor-element-9d9f107 elementor-widget-divider--view-line elementor-widget elementor-widget-divider\" data-id=\"9d9f107\" data-element_type=\"widget\" data-e-type=\"widget\" data-widget_type=\"divider.default\">\n\t\t\t\t<div class=\"elementor-widget-container\">\n\t\t\t\t\t\t\t<div class=\"elementor-divider\">\n\t\t\t<span class=\"elementor-divider-separator\">\n\t\t\t\t\t\t<\/span>\n\t\t<\/div>\n\t\t\t\t\t\t<\/div>\n\t\t\t\t<\/div>\n\t\t\t\t<div class=\"elementor-element elementor-element-3947340 elementor-widget elementor-widget-text-editor\" data-id=\"3947340\" data-element_type=\"widget\" data-e-type=\"widget\" data-widget_type=\"text-editor.default\">\n\t\t\t\t<div class=\"elementor-widget-container\">\n\t\t\t\t\t\t\t\t\t<ul><li>Schalten Sie<strong> Ihr Mikrofon <\/strong>in virtuellen Meetings aus, wenn Sie nicht sprechen, um Ablenkungen zu minimieren.<\/li><li>Seien Sie <strong>p\u00fcnktlich<\/strong> zu Online-Meetings, Veranstaltungen und Kursen und stellen Sie sicher, dass Sie technisch vorbereitet sind.<\/li><\/ul>\t\t\t\t\t\t\t\t<\/div>\n\t\t\t\t<\/div>\n\t\t\r\n\t\t\t<\/div>\r\n\t\t\t\t\t\t\t<\/div>\r\n\t\t\t\t\r\n\t\t\t<\/div>\r\n\t\t\t\t\t\t<div class=\" elementor-element elementor-element-73770d5 e-flex e-con-boxed e-con e-parent\" data-id=\"73770d5\" data-element_type=\"container\" data-e-type=\"container\">\r\n\t\t\t\t\t\t\t<div class=\"e-con-inner\">\r\n\t\t\t\t\t\t\t<div class=\" elementor-element elementor-element-c090a68 e-con-full e-flex e-con e-child\" data-id=\"c090a68\" data-element_type=\"container\" data-e-type=\"container\">\r\n\t\t\t\t\t\t<div class=\" elementor-element elementor-element-216a7fc e-con-full e-flex e-con e-child\" data-id=\"216a7fc\" data-element_type=\"container\" data-e-type=\"container\" data-settings=\"{&quot;background_background&quot;:&quot;classic&quot;}\">\r\n\t\t\t\t\t<div class=\"elementor-element elementor-element-edb0edf elementor-widget elementor-widget-heading\" data-id=\"edb0edf\" data-element_type=\"widget\" data-e-type=\"widget\" data-widget_type=\"heading.default\">\n\t\t\t\t<div class=\"elementor-widget-container\">\n\t\t\t\t\t<h3 class=\"elementor-heading-title elementor-size-default\">Datenschutz und Datensicherheit\n\n<\/h3>\t\t\t\t<\/div>\n\t\t\t\t<\/div>\n\t\t\t\t<div class=\"elementor-element elementor-element-03354f9 elementor-widget-divider--view-line elementor-widget elementor-widget-divider\" data-id=\"03354f9\" data-element_type=\"widget\" data-e-type=\"widget\" data-widget_type=\"divider.default\">\n\t\t\t\t<div class=\"elementor-widget-container\">\n\t\t\t\t\t\t\t<div class=\"elementor-divider\">\n\t\t\t<span class=\"elementor-divider-separator\">\n\t\t\t\t\t\t<\/span>\n\t\t<\/div>\n\t\t\t\t\t\t<\/div>\n\t\t\t\t<\/div>\n\t\t\t\t<div class=\"elementor-element elementor-element-df4d5a6 elementor-widget elementor-widget-text-editor\" data-id=\"df4d5a6\" data-element_type=\"widget\" data-e-type=\"widget\" data-widget_type=\"text-editor.default\">\n\t\t\t\t<div class=\"elementor-widget-container\">\n\t\t\t\t\t\t\t\t\t<ul><li><p data-renderer-start-pos=\"27742\"><strong>Vermeiden<\/strong> Sie die <strong>Aufzeichnung und Weitergabe <\/strong>personenbezogener Daten ohne Zustimmung und stellen Sie sicher, dass alle digitalen Tools den Datenschutzbestimmungen entsprechen.<\/p><\/li><li><p data-renderer-start-pos=\"27871\">Holen Sie immer das<strong> Einverst\u00e4ndnis der Teilnehmenden<\/strong> ein, bevor Sitzungen\/Videos aufgezeichnet oder gesprochene Inhalte dokumentiert werden. Respektieren Sie den Wunsch von Teilnehmenden, nicht aufgezeichnet zu werden.<\/p><\/li><li><p data-renderer-start-pos=\"28044\">Lehrmaterialien d\u00fcrfen von Lernenden nicht ohne Zustimmung auf pers\u00f6nlichen oder externen Websites, Social-Media-Kan\u00e4len oder anderen Plattformen <strong>geteilt<\/strong> oder <strong>ver\u00f6ffentlicht<\/strong> werden.<\/p><\/li><li><p data-renderer-start-pos=\"28194\"><strong>Pers\u00f6nliche und sensible Informationen<\/strong> werden vertraulich behandelt und d\u00fcrfen ohne die ausdr\u00fcckliche Zustimmung der betroffenen Person(en) nicht gespeichert, weitergegeben oder ver\u00f6ffentlicht werden.<br><br><\/p><\/li><li><p data-renderer-start-pos=\"28360\">Nutzen Sie <strong>sichere und vertrauensw\u00fcrdige<\/strong> Tools f\u00fcr Kommunikation, Zusammenarbeit und Speicherung, um sensible Informationen zu sch\u00fctzen.<\/p><\/li><\/ul>\t\t\t\t\t\t\t\t<\/div>\n\t\t\t\t<\/div>\n\t\t\r\n\t\t\t<\/div>\r\n\t\t\t\r\n\t\t\t<\/div>\r\n\t\t\t\t\t\t<div class=\" elementor-element elementor-element-3d458f1 e-con-full e-flex e-con e-child\" data-id=\"3d458f1\" data-element_type=\"container\" data-e-type=\"container\">\r\n\t\t\t\r\n\t\t\t<\/div>\r\n\t\t\t\t\t\t\t<\/div>\r\n\t\t\t\t\r\n\t\t\t<\/div>\r\n\t\t\t\t\t<\/div>\n\t\t","protected":false},"excerpt":{"rendered":"<p>Dieser Verhaltenskodex legt Grundregeln f\u00fcr die Nutzung digitaler Tools in Bildungskontexten fest, um ein respektvolles, professionelles und inklusives Umfeld zu f\u00f6rdern. Die Richtlinien gelten f\u00fcr alle Lehrkr\u00e4fte, Trainer*innen, Moderator*innen und Veranstalter*innen im Bildungsbereich. Die folgenden Punkte dienen als Leitlinien f\u00fcr einen Verhaltenskodex in virtuellen Lernr\u00e4umen und f\u00fcr den Einsatz digitaler Tools. Sie sollten an die [&hellip;]<\/p>\n","protected":false},"author":2,"featured_media":0,"parent":0,"menu_order":0,"comment_status":"closed","ping_status":"closed","template":"","meta":{"footnotes":""},"class_list":["post-2696","page","type-page","status-publish","hentry"],"_links":{"self":[{"href":"https:\/\/lettra.aufzaq.at\/de\/wp-json\/wp\/v2\/pages\/2696","targetHints":{"allow":["GET"]}}],"collection":[{"href":"https:\/\/lettra.aufzaq.at\/de\/wp-json\/wp\/v2\/pages"}],"about":[{"href":"https:\/\/lettra.aufzaq.at\/de\/wp-json\/wp\/v2\/types\/page"}],"author":[{"embeddable":true,"href":"https:\/\/lettra.aufzaq.at\/de\/wp-json\/wp\/v2\/users\/2"}],"replies":[{"embeddable":true,"href":"https:\/\/lettra.aufzaq.at\/de\/wp-json\/wp\/v2\/comments?post=2696"}],"version-history":[{"count":7,"href":"https:\/\/lettra.aufzaq.at\/de\/wp-json\/wp\/v2\/pages\/2696\/revisions"}],"predecessor-version":[{"id":2742,"href":"https:\/\/lettra.aufzaq.at\/de\/wp-json\/wp\/v2\/pages\/2696\/revisions\/2742"}],"wp:attachment":[{"href":"https:\/\/lettra.aufzaq.at\/de\/wp-json\/wp\/v2\/media?parent=2696"}],"curies":[{"name":"wp","href":"https:\/\/api.w.org\/{rel}","templated":true}]}}